{"id":2,"date":"2025-04-27T05:52:17","date_gmt":"2025-04-27T05:52:17","guid":{"rendered":"https:\/\/cibe.phanthanhngoc.com\/?page_id=2"},"modified":"2025-04-27T16:08:30","modified_gmt":"2025-04-27T16:08:30","slug":"sample-page","status":"publish","type":"page","link":"https:\/\/cibe.phanthanhngoc.com\/?page_id=2","title":{"rendered":"About us"},"content":{"rendered":"\n<p><strong>CIB\u00c9<\/strong> l\u00e0 th\u01b0\u01a1ng hi\u1ec7u th\u1eddi trang n\u1eef mang tinh th\u1ea7n <strong>smart casual<\/strong> \u2013 n\u01a1i v\u1ebb \u0111\u1eb9p thanh l\u1ecbch, tho\u1ea3i m\u00e1i v\u00e0 c\u00e1 t\u00ednh giao thoa m\u1ed9t c\u00e1ch t\u1ef1 nhi\u00ean.<br>Ch\u00fang t\u00f4i tin r\u1eb1ng m\u1ed7i ng\u01b0\u1eddi ph\u1ee5 n\u1eef \u0111\u1ec1u c\u00f3 m\u1ed9t phong c\u00e1ch r\u1ea5t ri\u00eang, v\u00e0 th\u1eddi trang n\u00ean l\u00e0 \u0111i\u1ec1u khi\u1ebfn b\u1ea1n c\u1ea3m th\u1ea5y <strong>t\u1ef1 tin h\u01a1n, nh\u1eb9 nh\u00e0ng h\u01a1n, \u0111\u00fang v\u1edbi ch\u00ednh m\u00ecnh h\u01a1n.<\/strong><\/p>\n\n\n\n<p>T\u1eebng thi\u1ebft k\u1ebf t\u1ea1i CIB\u00c9 \u0111\u01b0\u1ee3c t\u1ea1o n\u00ean v\u1edbi s\u1ef1 ch\u1ec9n chu trong phom d\u00e1ng, ch\u1ea5t li\u1ec7u v\u00e0 m\u00e0u s\u1eafc \u2013 gi\u00fap b\u1ea1n d\u1ec5 d\u00e0ng bi\u1ebfn t\u1ea5u cho nhi\u1ec1u d\u1ecbp, t\u1eeb c\u00f4ng vi\u1ec7c \u0111\u1ebfn nh\u1eefng cu\u1ed9c h\u1eb9n th\u01b0\u1eddng nh\u1eadt.<\/p>\n\n\n\n<p><strong>CIB\u00c9 kh\u00f4ng ch\u1ea1y theo xu h\u01b0\u1edbng \u2013 ch\u00fang t\u00f4i t\u1ea1o n\u00ean nh\u1eefng m\u00f3n \u0111\u1ed3 b\u1ea1n mu\u1ed1n m\u1eb7c m\u1ed7i ng\u00e0y.<\/strong><\/p>\n","protected":false},"excerpt":{"rendered":"<p>CIB\u00c9 l\u00e0 th\u01b0\u01a1ng hi\u1ec7u th\u1eddi trang n\u1eef mang tinh th\u1ea7n smart casual \u2013 n\u01a1i v\u1ebb \u0111\u1eb9p thanh l\u1ecbch, tho\u1ea3i m\u00e1i v\u00e0 c\u00e1 t\u00ednh giao thoa m\u1ed9t c\u00e1ch t\u1ef1 nhi\u00ean.Ch\u00fang t\u00f4i tin r\u1eb1ng m\u1ed7i ng\u01b0\u1eddi ph\u1ee5 n\u1eef \u0111\u1ec1u c\u00f3 m\u1ed9t phong c\u00e1ch r\u1ea5t ri\u00eang, v\u00e0 th\u1eddi trang n\u00ean l\u00e0 \u0111i\u1ec1u khi\u1ebfn b\u1ea1n c\u1ea3m th\u1ea5y t\u1ef1 tin [&hellip;]<\/p>\n","protected":false},"author":1,"featured_media":0,"parent":0,"menu_order":0,"comment_status":"closed","ping_status":"open","template":"","meta":{"footnotes":""},"class_list":["post-2","page","type-page","status-publish","hentry"],"_links":{"self":[{"href":"https:\/\/cibe.phanthanhngoc.com\/index.php?rest_route=\/wp\/v2\/pages\/2","targetHints":{"allow":["GET"]}}],"collection":[{"href":"https:\/\/cibe.phanthanhngoc.com\/index.php?rest_route=\/wp\/v2\/pages"}],"about":[{"href":"https:\/\/cibe.phanthanhngoc.com\/index.php?rest_route=\/wp\/v2\/types\/page"}],"author":[{"embeddable":true,"href":"https:\/\/cibe.phanthanhngoc.com\/index.php?rest_route=\/wp\/v2\/users\/1"}],"replies":[{"embeddable":true,"href":"https:\/\/cibe.phanthanhngoc.com\/index.php?rest_route=%2Fwp%2Fv2%2Fcomments&post=2"}],"version-history":[{"count":2,"href":"https:\/\/cibe.phanthanhngoc.com\/index.php?rest_route=\/wp\/v2\/pages\/2\/revisions"}],"predecessor-version":[{"id":18,"href":"https:\/\/cibe.phanthanhngoc.com\/index.php?rest_route=\/wp\/v2\/pages\/2\/revisions\/18"}],"wp:attachment":[{"href":"https:\/\/cibe.phanthanhngoc.com\/index.php?rest_route=%2Fwp%2Fv2%2Fmedia&parent=2"}],"curies":[{"name":"wp","href":"https:\/\/api.w.org\/{rel}","templated":true}]}}